{"id":21497,"date":"2025-09-24T14:16:46","date_gmt":"2025-09-24T14:16:46","guid":{"rendered":"https:\/\/produitsconforme.com\/?post_type=product&#038;p=21497"},"modified":"2025-09-24T14:20:10","modified_gmt":"2025-09-24T14:20:10","slug":"un-tube-inox","status":"publish","type":"product","link":"https:\/\/produitsconforme.com\/en\/product\/un-tube-inox\/","title":{"rendered":"Un tube inox"},"content":{"rendered":"","protected":false},"excerpt":{"rendered":"<p>Un tube inox est un tube creux fabriqu\u00e9 en acier inoxydable, un alliage \u00e0 base de fer, de carbone et surtout de chrome, qui lui conf\u00e8re une r\u00e9sistance \u00e0 la corrosion. Ces tubes sont utilis\u00e9s dans divers secteurs, comme la tuyauterie ou la d\u00e9coration, et peuvent \u00eatre rigides ou flexibles, se d\u00e9clinant en diff\u00e9rentes qualit\u00e9s d&rsquo;inox (comme le 304L ou le 316L) selon l&rsquo;usage sp\u00e9cifique.<\/p>","protected":false},"featured_media":21498,"template":"","meta":[],"product_brand":[],"product_cat":[89],"product_tag":[],"class_list":{"0":"post-21497","1":"product","2":"type-product","3":"status-publish","4":"has-post-thumbnail","6":"product_cat-la-tuyauterie","8":"first","9":"instock","10":"shipping-taxable","11":"product-type-simple"},"_links":{"self":[{"href":"https:\/\/produitsconforme.com\/en\/wp-json\/wp\/v2\/product\/21497","targetHints":{"allow":["GET"]}}],"collection":[{"href":"https:\/\/produitsconforme.com\/en\/wp-json\/wp\/v2\/product"}],"about":[{"href":"https:\/\/produitsconforme.com\/en\/wp-json\/wp\/v2\/types\/product"}],"version-history":[{"count":1,"href":"https:\/\/produitsconforme.com\/en\/wp-json\/wp\/v2\/product\/21497\/revisions"}],"predecessor-version":[{"id":21499,"href":"https:\/\/produitsconforme.com\/en\/wp-json\/wp\/v2\/product\/21497\/revisions\/21499"}],"wp:featuredmedia":[{"embeddable":true,"href":"https:\/\/produitsconforme.com\/en\/wp-json\/wp\/v2\/media\/21498"}],"wp:attachment":[{"href":"https:\/\/produitsconforme.com\/en\/wp-json\/wp\/v2\/media?parent=21497"}],"wp:term":[{"taxonomy":"product_brand","embeddable":true,"href":"https:\/\/produitsconforme.com\/en\/wp-json\/wp\/v2\/product_brand?post=21497"},{"taxonomy":"product_cat","embeddable":true,"href":"https:\/\/produitsconforme.com\/en\/wp-json\/wp\/v2\/product_cat?post=21497"},{"taxonomy":"product_tag","embeddable":true,"href":"https:\/\/produitsconforme.com\/en\/wp-json\/wp\/v2\/product_tag?post=21497"}],"curies":[{"name":"wp","href":"https:\/\/api.w.org\/{rel}","templated":true}]}}