{"id":21517,"date":"2025-09-25T09:08:22","date_gmt":"2025-09-25T09:08:22","guid":{"rendered":"https:\/\/produitsconforme.com\/?post_type=product&#038;p=21517"},"modified":"2025-09-25T09:11:00","modified_gmt":"2025-09-25T09:11:00","slug":"tube-en-acier-sans-soudure-galvanise-filete-manchonne-en-10255-s195-t","status":"publish","type":"product","link":"https:\/\/produitsconforme.com\/en\/product\/tube-en-acier-sans-soudure-galvanise-filete-manchonne-en-10255-s195-t\/","title":{"rendered":"TUBE EN ACIER SANS SOUDURE GALVANIS\u00c9 FILET\u00c9 MANCHONN\u00c9 \u2013 EN 10255 \u2013 S195 T"},"content":{"rendered":"<p>Le tube en acier sans soudure galvanis\u00e9 filet\u00e9 et manchonn\u00e9, conforme \u00e0 la norme EN 10255 \u2013 S195 T, b\u00e9n\u00e9ficie d\u2019une galvanisation par immersion \u00e0 chaud effectu\u00e9e dans une installation enti\u00e8rement automatis\u00e9e et conforme aux normes EN 10240 ou ASTM A53. Cette m\u00e9thode assure une couche de zinc uniforme et durable sur toute la surface du tube. Le zinc utilis\u00e9 offre une r\u00e9sistance \u00e0 la corrosion sup\u00e9rieure \u00e0 celle de l\u2019acier nu, r\u00e9duisant ainsi significativement le taux de corrosion dans des conditions appropri\u00e9es.<\/p>","protected":false},"excerpt":{"rendered":"<p>Le tube en acier sans soudure galvanis\u00e9 filet\u00e9 et manchonn\u00e9, conforme \u00e0 la norme EN 10255 \u2013 S195 T, b\u00e9n\u00e9ficie<\/p>","protected":false},"featured_media":21518,"template":"","meta":[],"product_brand":[],"product_cat":[89],"product_tag":[],"class_list":{"0":"post-21517","1":"product","2":"type-product","3":"status-publish","4":"has-post-thumbnail","6":"product_cat-la-tuyauterie","8":"first","9":"instock","10":"shipping-taxable","11":"product-type-simple"},"_links":{"self":[{"href":"https:\/\/produitsconforme.com\/en\/wp-json\/wp\/v2\/product\/21517","targetHints":{"allow":["GET"]}}],"collection":[{"href":"https:\/\/produitsconforme.com\/en\/wp-json\/wp\/v2\/product"}],"about":[{"href":"https:\/\/produitsconforme.com\/en\/wp-json\/wp\/v2\/types\/product"}],"version-history":[{"count":1,"href":"https:\/\/produitsconforme.com\/en\/wp-json\/wp\/v2\/product\/21517\/revisions"}],"predecessor-version":[{"id":21519,"href":"https:\/\/produitsconforme.com\/en\/wp-json\/wp\/v2\/product\/21517\/revisions\/21519"}],"wp:featuredmedia":[{"embeddable":true,"href":"https:\/\/produitsconforme.com\/en\/wp-json\/wp\/v2\/media\/21518"}],"wp:attachment":[{"href":"https:\/\/produitsconforme.com\/en\/wp-json\/wp\/v2\/media?parent=21517"}],"wp:term":[{"taxonomy":"product_brand","embeddable":true,"href":"https:\/\/produitsconforme.com\/en\/wp-json\/wp\/v2\/product_brand?post=21517"},{"taxonomy":"product_cat","embeddable":true,"href":"https:\/\/produitsconforme.com\/en\/wp-json\/wp\/v2\/product_cat?post=21517"},{"taxonomy":"product_tag","embeddable":true,"href":"https:\/\/produitsconforme.com\/en\/wp-json\/wp\/v2\/product_tag?post=21517"}],"curies":[{"name":"wp","href":"https:\/\/api.w.org\/{rel}","templated":true}]}}