{"id":21520,"date":"2025-09-25T09:09:25","date_gmt":"2025-09-25T09:09:25","guid":{"rendered":"https:\/\/produitsconforme.com\/?post_type=product&#038;p=21520"},"modified":"2025-09-25T09:10:50","modified_gmt":"2025-09-25T09:10:50","slug":"tube-en-acier-a-souder-spiral-nu","status":"publish","type":"product","link":"https:\/\/produitsconforme.com\/en\/product\/tube-en-acier-a-souder-spiral-nu\/","title":{"rendered":"TUBE EN ACIER A SOUDER SPIRAL NU"},"content":{"rendered":"","protected":false},"excerpt":{"rendered":"<p>Les tubes en acier soud\u00e9s spiralement de G2h sont fabriqu\u00e9s \u00e0 partir d\u2019une bande d\u2019acier lamin\u00e9 \u00e0 chaud form\u00e9e \u00e0 froid et soud\u00e9e par \u00e9lectrofusion sous flux immerg\u00e9. Ce proc\u00e9d\u00e9 garantit une grande r\u00e9sistance, durabilit\u00e9 et \u00e9tanch\u00e9it\u00e9.<\/p>\n<p>Disponibles dans une large gamme de diam\u00e8tres et d\u2019\u00e9paisseurs, ils s\u2019adaptent \u00e0 de nombreux projets : transport d\u2019eau et d\u2019eaux us\u00e9es, gaz et p\u00e9trole, construction, machines, irrigation\u00a0et\u00a0drainage.<\/p>","protected":false},"featured_media":21521,"template":"","meta":[],"product_brand":[],"product_cat":[89],"product_tag":[],"class_list":{"0":"post-21520","1":"product","2":"type-product","3":"status-publish","4":"has-post-thumbnail","6":"product_cat-la-tuyauterie","8":"first","9":"instock","10":"shipping-taxable","11":"product-type-simple"},"_links":{"self":[{"href":"https:\/\/produitsconforme.com\/en\/wp-json\/wp\/v2\/product\/21520","targetHints":{"allow":["GET"]}}],"collection":[{"href":"https:\/\/produitsconforme.com\/en\/wp-json\/wp\/v2\/product"}],"about":[{"href":"https:\/\/produitsconforme.com\/en\/wp-json\/wp\/v2\/types\/product"}],"version-history":[{"count":1,"href":"https:\/\/produitsconforme.com\/en\/wp-json\/wp\/v2\/product\/21520\/revisions"}],"predecessor-version":[{"id":21522,"href":"https:\/\/produitsconforme.com\/en\/wp-json\/wp\/v2\/product\/21520\/revisions\/21522"}],"wp:featuredmedia":[{"embeddable":true,"href":"https:\/\/produitsconforme.com\/en\/wp-json\/wp\/v2\/media\/21521"}],"wp:attachment":[{"href":"https:\/\/produitsconforme.com\/en\/wp-json\/wp\/v2\/media?parent=21520"}],"wp:term":[{"taxonomy":"product_brand","embeddable":true,"href":"https:\/\/produitsconforme.com\/en\/wp-json\/wp\/v2\/product_brand?post=21520"},{"taxonomy":"product_cat","embeddable":true,"href":"https:\/\/produitsconforme.com\/en\/wp-json\/wp\/v2\/product_cat?post=21520"},{"taxonomy":"product_tag","embeddable":true,"href":"https:\/\/produitsconforme.com\/en\/wp-json\/wp\/v2\/product_tag?post=21520"}],"curies":[{"name":"wp","href":"https:\/\/api.w.org\/{rel}","templated":true}]}}