{"id":21527,"date":"2025-09-29T14:15:37","date_gmt":"2025-09-29T14:15:37","guid":{"rendered":"https:\/\/produitsconforme.com\/?post_type=product&#038;p=21527"},"modified":"2025-09-29T14:17:55","modified_gmt":"2025-09-29T14:17:55","slug":"les-tubes-en-acier-galvanise","status":"publish","type":"product","link":"https:\/\/produitsconforme.com\/en\/product\/les-tubes-en-acier-galvanise\/","title":{"rendered":"Les tubes en acier galvanis\u00e9"},"content":{"rendered":"","protected":false},"excerpt":{"rendered":"<p>Les tubes en acier galvanis\u00e9 \u00e0 filetage conique sont essentiels en plomberie, dans la r\u00e9novation ou pour des projets DIY robustes comme du mobilier ou des \u00e9tag\u00e8res industrielles. Solides et r\u00e9sistants \u00e0 la corrosion, ces tubes sont con\u00e7us pour s&rsquo;assembler facilement avec des raccords filet\u00e9s \u00e0\u00a0norme\u00a0ISO\u00a07-1.<\/p>","protected":false},"featured_media":21528,"template":"","meta":[],"product_brand":[],"product_cat":[89],"product_tag":[],"class_list":{"0":"post-21527","1":"product","2":"type-product","3":"status-publish","4":"has-post-thumbnail","6":"product_cat-la-tuyauterie","8":"first","9":"instock","10":"shipping-taxable","11":"product-type-simple"},"_links":{"self":[{"href":"https:\/\/produitsconforme.com\/en\/wp-json\/wp\/v2\/product\/21527","targetHints":{"allow":["GET"]}}],"collection":[{"href":"https:\/\/produitsconforme.com\/en\/wp-json\/wp\/v2\/product"}],"about":[{"href":"https:\/\/produitsconforme.com\/en\/wp-json\/wp\/v2\/types\/product"}],"version-history":[{"count":1,"href":"https:\/\/produitsconforme.com\/en\/wp-json\/wp\/v2\/product\/21527\/revisions"}],"predecessor-version":[{"id":21529,"href":"https:\/\/produitsconforme.com\/en\/wp-json\/wp\/v2\/product\/21527\/revisions\/21529"}],"wp:featuredmedia":[{"embeddable":true,"href":"https:\/\/produitsconforme.com\/en\/wp-json\/wp\/v2\/media\/21528"}],"wp:attachment":[{"href":"https:\/\/produitsconforme.com\/en\/wp-json\/wp\/v2\/media?parent=21527"}],"wp:term":[{"taxonomy":"product_brand","embeddable":true,"href":"https:\/\/produitsconforme.com\/en\/wp-json\/wp\/v2\/product_brand?post=21527"},{"taxonomy":"product_cat","embeddable":true,"href":"https:\/\/produitsconforme.com\/en\/wp-json\/wp\/v2\/product_cat?post=21527"},{"taxonomy":"product_tag","embeddable":true,"href":"https:\/\/produitsconforme.com\/en\/wp-json\/wp\/v2\/product_tag?post=21527"}],"curies":[{"name":"wp","href":"https:\/\/api.w.org\/{rel}","templated":true}]}}