{"id":21558,"date":"2025-10-04T08:23:19","date_gmt":"2025-10-04T08:23:19","guid":{"rendered":"https:\/\/produitsconforme.com\/?post_type=product&#038;p=21558"},"modified":"2025-10-04T10:59:24","modified_gmt":"2025-10-04T10:59:24","slug":"ria-dincendie","status":"publish","type":"product","link":"https:\/\/produitsconforme.com\/en\/product\/ria-dincendie\/","title":{"rendered":"RIA D&rsquo;incendie"},"content":{"rendered":"","protected":false},"excerpt":{"rendered":"<p>Un RIA (Robinet d&rsquo;Incendie Arm\u00e9) est un syst\u00e8me de lutte contre l&rsquo;incendie de premi\u00e8re intervention, aliment\u00e9 en permanence en eau, permettant d&rsquo;attaquer un feu naissant en attendant l&rsquo;arriv\u00e9e des sapeurs-pompiers. Il se compose d&rsquo;un robinet, d&rsquo;un d\u00e9vidoir avec un tuyau semi-rigide et d&rsquo;une lance, et doit \u00eatre install\u00e9 dans les \u00c9tablissements Recevant du Public (ERP) et les installations industrielles pour ma\u00eetriser les d\u00e9buts d&rsquo;incendie.<br \/>\nComposition du RIA<br \/>\nRobinet d&rsquo;alimentation en eau : une source d&rsquo;eau sous pression.<br \/>\nD\u00e9vidoir : un tambour qui enroule le tuyau semi-rigide, permettant de le d\u00e9rouler et de l&rsquo;orienter facilement.<br \/>\nTuyau semi-rigide : un tuyau qui conserve sa section circulaire et ne s&rsquo;aplatit pas, m\u00eame sans \u00eatre enti\u00e8rement d\u00e9roul\u00e9, pour une utilisation imm\u00e9diate.<br \/>\nLance ou Diffuseur Multi-Fonction (DMF) : permet de diriger l&rsquo;eau avec un jet plein (pour atteindre un foyer \u00e9loign\u00e9) ou un jet diffus\u00e9 (pour prot\u00e9ger l&rsquo;utilisateur et \u00e9teindre le feu).<br \/>\nFonctionnement<br \/>\nAlimentation continue : le RIA est \u00ab\u00a0arm\u00e9\u00a0\u00bb car il est constamment aliment\u00e9 en eau sous pression, ce qui le rend utilisable imm\u00e9diatement.<br \/>\nIntervention rapide : il permet \u00e0 toute personne (m\u00eame non sp\u00e9cialis\u00e9e) d&rsquo;agir sur un feu naissant pendant au moins 20 minutes, le temps que les sapeurs-pompiers arrivent.<br \/>\nEfficacit\u00e9 : avec sa lance, il permet d&rsquo;utiliser de grandes quantit\u00e9s d&rsquo;eau, am\u00e9liorant l&rsquo;efficacit\u00e9 de l&rsquo;extinction et limitant la propagation de l&rsquo;incendie.<br \/>\nO\u00f9 trouver les RIA ?<br \/>\nLes RIA sont install\u00e9s dans : Les \u00c9tablissements Recevant du Public (ERP), Les \u00e9tablissements industriels, Les immeubles de grande hauteur (IGH).<br \/>\nR\u00e9glementation et maintenance<br \/>\nL&rsquo;installation des RIA doit respecter les r\u00e9f\u00e9rentiels APSAD R5 et les normes NF S 62-201.<br \/>\nUn RIA doit \u00eatre positionn\u00e9 \u00e0 une hauteur comprise entre 1,20 m et 1,80 m du sol.<br \/>\nDes op\u00e9rations de maintenance r\u00e9guli\u00e8res (annuelle, quinquennale, et d\u00e9cennale) sont n\u00e9cessaires pour v\u00e9rifier l&rsquo;\u00e9tat du r\u00e9seau et garantir son bon fonctionnement en cas d&rsquo;urgence, selon le Groupe SIMIE.<\/p>","protected":false},"featured_media":21559,"template":"","meta":[],"product_brand":[],"product_cat":[90],"product_tag":[],"class_list":{"0":"post-21558","1":"product","2":"type-product","3":"status-publish","4":"has-post-thumbnail","6":"product_cat-equipement-anti-incendie","8":"first","9":"instock","10":"shipping-taxable","11":"product-type-simple"},"_links":{"self":[{"href":"https:\/\/produitsconforme.com\/en\/wp-json\/wp\/v2\/product\/21558","targetHints":{"allow":["GET"]}}],"collection":[{"href":"https:\/\/produitsconforme.com\/en\/wp-json\/wp\/v2\/product"}],"about":[{"href":"https:\/\/produitsconforme.com\/en\/wp-json\/wp\/v2\/types\/product"}],"version-history":[{"count":2,"href":"https:\/\/produitsconforme.com\/en\/wp-json\/wp\/v2\/product\/21558\/revisions"}],"predecessor-version":[{"id":21562,"href":"https:\/\/produitsconforme.com\/en\/wp-json\/wp\/v2\/product\/21558\/revisions\/21562"}],"wp:featuredmedia":[{"embeddable":true,"href":"https:\/\/produitsconforme.com\/en\/wp-json\/wp\/v2\/media\/21559"}],"wp:attachment":[{"href":"https:\/\/produitsconforme.com\/en\/wp-json\/wp\/v2\/media?parent=21558"}],"wp:term":[{"taxonomy":"product_brand","embeddable":true,"href":"https:\/\/produitsconforme.com\/en\/wp-json\/wp\/v2\/product_brand?post=21558"},{"taxonomy":"product_cat","embeddable":true,"href":"https:\/\/produitsconforme.com\/en\/wp-json\/wp\/v2\/product_cat?post=21558"},{"taxonomy":"product_tag","embeddable":true,"href":"https:\/\/produitsconforme.com\/en\/wp-json\/wp\/v2\/product_tag?post=21558"}],"curies":[{"name":"wp","href":"https:\/\/api.w.org\/{rel}","templated":true}]}}