{"id":21571,"date":"2025-10-04T09:08:29","date_gmt":"2025-10-04T09:08:29","guid":{"rendered":"https:\/\/produitsconforme.com\/?post_type=product&#038;p=21571"},"modified":"2025-10-04T11:14:27","modified_gmt":"2025-10-04T11:14:27","slug":"armoir-de-rai-dincendie","status":"publish","type":"product","link":"https:\/\/produitsconforme.com\/en\/product\/armoir-de-rai-dincendie\/","title":{"rendered":"ARMOIR DE RAI D\u00a0\u00bbincendie"},"content":{"rendered":"","protected":false},"excerpt":{"rendered":"<p>une armoire RIA incendie abrite et prot\u00e8ge un Robinet d&rsquo;Incendie Arm\u00e9 (RIA), un \u00e9quipement essentiel de premi\u00e8re intervention permettant de lutter contre un d\u00e9but d&rsquo;incendie gr\u00e2ce \u00e0 un jet d&rsquo;eau sous pression. Ces armoires, qui ne doivent pas \u00eatre condamn\u00e9es, assurent la visibilit\u00e9 et l&rsquo;accessibilit\u00e9 du RIA, garantissant une intervention rapide et efficace en attendant l&rsquo;arriv\u00e9e des moyens de secours plus puissants.<br \/>\nComposants et Fonctionnement<br \/>\nLe RIA : Un tuyau semi-rigide est enroul\u00e9 sur un d\u00e9vidoir rotatif. Il est reli\u00e9 \u00e0 une source d&rsquo;eau \u00e0 d\u00e9bit et pression suffisants, et se termine par une lance diffusant un jet droit ou conique.<br \/>\nL&rsquo;Armoire : Elle est con\u00e7ue pour prot\u00e9ger le RIA et doit \u00eatre clairement signal\u00e9e pour une identification rapide. Elle doit \u00eatre positionn\u00e9e de mani\u00e8re strat\u00e9gique pour couvrir toute la zone de risque avec le jet d&rsquo;eau.<br \/>\nR\u00e9glementation et S\u00e9curit\u00e9<br \/>\nAccessibilit\u00e9 : Les RIA doivent \u00eatre toujours accessibles, sans aucun obstacle devant l&rsquo;armoire.<br \/>\nSignalisation : Le RIA et son armoire doivent \u00eatre signal\u00e9s par un pictogramme pour \u00eatre facilement visibles.<br \/>\nCondamnation : Aucun syst\u00e8me de verrouillage (comme un cadenas) ne doit emp\u00eacher l&rsquo;acc\u00e8s au RIA, qui est destin\u00e9 \u00e0 une intervention rapide par n&rsquo;importe quelle personne.<br \/>\nImplantation : Les RIA se placent g\u00e9n\u00e9ralement \u00e0 l&rsquo;int\u00e9rieur des b\u00e2timents, \u00e0 une hauteur comprise entre 1,20 m et 1,90 m du sol.<br \/>\nR\u00f4le du RIA<br \/>\nLe RIA est un dispositif de premi\u00e8re intervention crucial, permettant de combattre des feux de classe A et d&rsquo;assurer l&rsquo;auto-protection de la zone en attendant l&rsquo;arriv\u00e9e des pompiers ou d&rsquo;autres moyens plus puissants<\/p>","protected":false},"featured_media":21572,"template":"","meta":[],"product_brand":[],"product_cat":[90],"product_tag":[],"class_list":{"0":"post-21571","1":"product","2":"type-product","3":"status-publish","4":"has-post-thumbnail","6":"product_cat-equipement-anti-incendie","8":"first","9":"instock","10":"shipping-taxable","11":"product-type-simple"},"_links":{"self":[{"href":"https:\/\/produitsconforme.com\/en\/wp-json\/wp\/v2\/product\/21571","targetHints":{"allow":["GET"]}}],"collection":[{"href":"https:\/\/produitsconforme.com\/en\/wp-json\/wp\/v2\/product"}],"about":[{"href":"https:\/\/produitsconforme.com\/en\/wp-json\/wp\/v2\/types\/product"}],"version-history":[{"count":1,"href":"https:\/\/produitsconforme.com\/en\/wp-json\/wp\/v2\/product\/21571\/revisions"}],"predecessor-version":[{"id":21573,"href":"https:\/\/produitsconforme.com\/en\/wp-json\/wp\/v2\/product\/21571\/revisions\/21573"}],"wp:featuredmedia":[{"embeddable":true,"href":"https:\/\/produitsconforme.com\/en\/wp-json\/wp\/v2\/media\/21572"}],"wp:attachment":[{"href":"https:\/\/produitsconforme.com\/en\/wp-json\/wp\/v2\/media?parent=21571"}],"wp:term":[{"taxonomy":"product_brand","embeddable":true,"href":"https:\/\/produitsconforme.com\/en\/wp-json\/wp\/v2\/product_brand?post=21571"},{"taxonomy":"product_cat","embeddable":true,"href":"https:\/\/produitsconforme.com\/en\/wp-json\/wp\/v2\/product_cat?post=21571"},{"taxonomy":"product_tag","embeddable":true,"href":"https:\/\/produitsconforme.com\/en\/wp-json\/wp\/v2\/product_tag?post=21571"}],"curies":[{"name":"wp","href":"https:\/\/api.w.org\/{rel}","templated":true}]}}