{"id":21578,"date":"2025-10-04T09:23:39","date_gmt":"2025-10-04T09:23:39","guid":{"rendered":"https:\/\/produitsconforme.com\/?post_type=product&#038;p=21578"},"modified":"2025-10-04T09:23:39","modified_gmt":"2025-10-04T09:23:39","slug":"vanne-daret-anti-incendie","status":"publish","type":"product","link":"https:\/\/produitsconforme.com\/en\/product\/vanne-daret-anti-incendie\/","title":{"rendered":"VANNE D&rsquo;ARET ANTI INCENDIE"},"content":{"rendered":"","protected":false},"excerpt":{"rendered":"<p>Une vanne d&rsquo;arr\u00eat anti-incendie est un dispositif con\u00e7u pour interrompre le flux de fluides dans un syst\u00e8me de protection incendie, comme de l&rsquo;eau, en cas d&rsquo;urgence afin de contr\u00f4ler un incendie. Elle est essentielle pour isoler certaines sections d&rsquo;un syst\u00e8me de gicleurs ou de tuyaux, permettant un contr\u00f4le rapide et fiable du mouvement de l&rsquo;eau et garantissant la s\u00e9curit\u00e9 des personnes et des biens.<br \/>\nFonctionnement et types :<br \/>\nContr\u00f4le du d\u00e9bit : La vanne d&rsquo;arr\u00eat permet de g\u00e9rer le passage de l&rsquo;eau dans les syst\u00e8mes de lutte contre l&rsquo;incendie, que ce soit pour ouvrir, fermer ou restreindre le flux.<br \/>\nInterruption d&rsquo;urgence : En cas de d\u00e9tection d&rsquo;un \u00e9v\u00e9nement dangereux, comme un incendie, elle peut \u00eatre actionn\u00e9e pour couper le flux de fluide, prot\u00e9geant ainsi les personnes et l&rsquo;\u00e9quipement.<br \/>\nVannes papillon : Ce type de vanne utilise un disque rotatif pour contr\u00f4ler le d\u00e9bit. Le disque peut \u00eatre align\u00e9 avec le tuyau pour permettre l&rsquo;\u00e9coulement complet, ou tourn\u00e9 \u00e0 90 degr\u00e9s pour cr\u00e9er une fermeture \u00e9tanche et arr\u00eater le flux.<br \/>\nAdaptabilit\u00e9 : Ces vannes sont adapt\u00e9es aux applications n\u00e9cessitant un contr\u00f4le pr\u00e9cis, que ce soit pour une ouverture\/fermeture totale ou pour une r\u00e9gulation plus fine du d\u00e9bit.<br \/>\nR\u00f4le dans la s\u00e9curit\u00e9 incendie :<br \/>\nOutil d&rsquo;intervention : Les vannes d&rsquo;arr\u00eat jouent un r\u00f4le cl\u00e9 dans la gestion des syst\u00e8mes de gicleurs et de tuyaux d&rsquo;incendie.<br \/>\nS\u00e9curit\u00e9 : Elles sont un \u00e9l\u00e9ment essentiel pour assurer la s\u00e9curit\u00e9 des b\u00e2timents et des occupants en permettant un contr\u00f4le rapide et efficace de l&rsquo;eau dans un incendie.<\/p>","protected":false},"featured_media":21579,"template":"","meta":[],"product_brand":[],"product_cat":[90],"product_tag":[],"class_list":{"0":"post-21578","1":"product","2":"type-product","3":"status-publish","4":"has-post-thumbnail","6":"product_cat-equipement-anti-incendie","8":"first","9":"instock","10":"shipping-taxable","11":"product-type-simple"},"_links":{"self":[{"href":"https:\/\/produitsconforme.com\/en\/wp-json\/wp\/v2\/product\/21578","targetHints":{"allow":["GET"]}}],"collection":[{"href":"https:\/\/produitsconforme.com\/en\/wp-json\/wp\/v2\/product"}],"about":[{"href":"https:\/\/produitsconforme.com\/en\/wp-json\/wp\/v2\/types\/product"}],"version-history":[{"count":1,"href":"https:\/\/produitsconforme.com\/en\/wp-json\/wp\/v2\/product\/21578\/revisions"}],"predecessor-version":[{"id":21581,"href":"https:\/\/produitsconforme.com\/en\/wp-json\/wp\/v2\/product\/21578\/revisions\/21581"}],"wp:featuredmedia":[{"embeddable":true,"href":"https:\/\/produitsconforme.com\/en\/wp-json\/wp\/v2\/media\/21579"}],"wp:attachment":[{"href":"https:\/\/produitsconforme.com\/en\/wp-json\/wp\/v2\/media?parent=21578"}],"wp:term":[{"taxonomy":"product_brand","embeddable":true,"href":"https:\/\/produitsconforme.com\/en\/wp-json\/wp\/v2\/product_brand?post=21578"},{"taxonomy":"product_cat","embeddable":true,"href":"https:\/\/produitsconforme.com\/en\/wp-json\/wp\/v2\/product_cat?post=21578"},{"taxonomy":"product_tag","embeddable":true,"href":"https:\/\/produitsconforme.com\/en\/wp-json\/wp\/v2\/product_tag?post=21578"}],"curies":[{"name":"wp","href":"https:\/\/api.w.org\/{rel}","templated":true}]}}