{"id":21582,"date":"2025-10-04T09:29:04","date_gmt":"2025-10-04T09:29:04","guid":{"rendered":"https:\/\/produitsconforme.com\/?post_type=product&#038;p=21582"},"modified":"2025-10-04T09:29:04","modified_gmt":"2025-10-04T09:29:04","slug":"tuyau-dincendie","status":"publish","type":"product","link":"https:\/\/produitsconforme.com\/en\/product\/tuyau-dincendie\/","title":{"rendered":"TUYAU D\u00a0\u00bbINCENDIE"},"content":{"rendered":"","protected":false},"excerpt":{"rendered":"<p>Tuyau d&rsquo;incendie est un tube flexible con\u00e7u pour transporter de l&rsquo;eau ou d&rsquo;autres agents extincteurs, comme la mousse, \u00e0 haute pression depuis une source (camion de pompiers, bouche d&rsquo;incendie) vers un foyer d&rsquo;incendie. Il se compose d&rsquo;une gaine ext\u00e9rieure textile ou caoutchout\u00e9e qui prot\u00e8ge une chemise int\u00e9rieure \u00e9tanche, et est \u00e9quip\u00e9 de raccords pour \u00eatre connect\u00e9 \u00e0 d&rsquo;autres tuyaux ou \u00e0 des lances.<br \/>\nComposition d&rsquo;un tuyau d&rsquo;incendie<br \/>\nLa gaine ext\u00e9rieure : Cette couche ext\u00e9rieure est g\u00e9n\u00e9ralement en fibres synth\u00e9tiques comme le polyester ou le nylon, ce qui lui conf\u00e8re r\u00e9sistance \u00e0 l&rsquo;abrasion, aux UV et aux produits chimiques.<br \/>\nLa chemise int\u00e9rieure : Elle est fabriqu\u00e9e en caoutchouc synth\u00e9tique ou en mat\u00e9riaux thermoplastiques pour assurer l&rsquo;\u00e9tanch\u00e9it\u00e9 du tuyau.<br \/>\nLes raccords : Ces pi\u00e8ces m\u00e9talliques, souvent en laiton ou en aluminium, sont fix\u00e9es aux extr\u00e9mit\u00e9s du tuyau pour permettre le raccordement \u00e0 d&rsquo;autres \u00e9l\u00e9ments et r\u00e9sister \u00e0 la corrosion.<br \/>\nTypes de tuyaux et syst\u00e8mes<br \/>\nTuyaux traditionnels : Ils peuvent avoir une doublure en caoutchouc et une tresse de lin.<br \/>\nTuyaux \u00ab Paroi Interne Lisse \u00bb (PIL) : Les tuyaux modernes sont souvent \u00e0 paroi interne lisse et caoutchout\u00e9e, ce qui r\u00e9duit les pertes de charge (frottement de l&rsquo;eau) et facilite le d\u00e9roulement.<br \/>\nRobinets d&rsquo;Incendie Arm\u00e9s (R.I.A.) : Il s&rsquo;agit de syst\u00e8mes fixes de premi\u00e8re intervention \u00e9quip\u00e9s d&rsquo;un tuyau semi-rigide dans une armoire, pr\u00eats \u00e0 l&#8217;emploi.<br \/>\nFonctionnement et utilisation<br \/>\n\u00c9tablissement : Le processus de mise en place et de raccordement des tuyaux est appel\u00e9 l&rsquo;\u00e9tablissement.<br \/>\nRaccordement : Les raccords normalis\u00e9s permettent de connecter le tuyau \u00e0 la source d&rsquo;eau (camion, bouche d&rsquo;incendie).<br \/>\nD\u00e9roulement : Les tuyaux peuvent \u00eatre d\u00e9roul\u00e9s du d\u00e9vidoir de diff\u00e9rentes mani\u00e8res pour \u00eatre d\u00e9ploy\u00e9s rapidement sur le lieu de l&rsquo;incendie.<br \/>\nAction : L&rsquo;eau ou l&rsquo;agent extincteur est achemin\u00e9 sous pression \u00e0 travers le tuyau jusqu&rsquo;\u00e0 la lance pour \u00e9teindre le feu.<\/p>","protected":false},"featured_media":21567,"template":"","meta":[],"product_brand":[],"product_cat":[90],"product_tag":[],"class_list":{"0":"post-21582","1":"product","2":"type-product","3":"status-publish","4":"has-post-thumbnail","6":"product_cat-equipement-anti-incendie","8":"first","9":"instock","10":"shipping-taxable","11":"product-type-simple"},"_links":{"self":[{"href":"https:\/\/produitsconforme.com\/en\/wp-json\/wp\/v2\/product\/21582","targetHints":{"allow":["GET"]}}],"collection":[{"href":"https:\/\/produitsconforme.com\/en\/wp-json\/wp\/v2\/product"}],"about":[{"href":"https:\/\/produitsconforme.com\/en\/wp-json\/wp\/v2\/types\/product"}],"version-history":[{"count":1,"href":"https:\/\/produitsconforme.com\/en\/wp-json\/wp\/v2\/product\/21582\/revisions"}],"predecessor-version":[{"id":21584,"href":"https:\/\/produitsconforme.com\/en\/wp-json\/wp\/v2\/product\/21582\/revisions\/21584"}],"wp:featuredmedia":[{"embeddable":true,"href":"https:\/\/produitsconforme.com\/en\/wp-json\/wp\/v2\/media\/21567"}],"wp:attachment":[{"href":"https:\/\/produitsconforme.com\/en\/wp-json\/wp\/v2\/media?parent=21582"}],"wp:term":[{"taxonomy":"product_brand","embeddable":true,"href":"https:\/\/produitsconforme.com\/en\/wp-json\/wp\/v2\/product_brand?post=21582"},{"taxonomy":"product_cat","embeddable":true,"href":"https:\/\/produitsconforme.com\/en\/wp-json\/wp\/v2\/product_cat?post=21582"},{"taxonomy":"product_tag","embeddable":true,"href":"https:\/\/produitsconforme.com\/en\/wp-json\/wp\/v2\/product_tag?post=21582"}],"curies":[{"name":"wp","href":"https:\/\/api.w.org\/{rel}","templated":true}]}}