{"id":21585,"date":"2025-10-04T09:37:31","date_gmt":"2025-10-04T09:37:31","guid":{"rendered":"https:\/\/produitsconforme.com\/?post_type=product&#038;p=21585"},"modified":"2025-10-04T09:37:31","modified_gmt":"2025-10-04T09:37:31","slug":"sprinkler-dincendie","status":"publish","type":"product","link":"https:\/\/produitsconforme.com\/en\/product\/sprinkler-dincendie\/","title":{"rendered":"SPRINKLER D&rsquo;incendie"},"content":{"rendered":"","protected":false},"excerpt":{"rendered":"<p>Un sprinkler est un extincteur automatique \u00e0 eau, composant un syst\u00e8me de protection incendie essentiel pour d\u00e9tecter un d\u00e9part de feu, d\u00e9clencher une alarme et \u00e9teindre ou contenir l&rsquo;incendie avant qu&rsquo;il ne se propage, prot\u00e9geant ainsi les biens et les personnes. Le syst\u00e8me, sous pression, comprend des t\u00eates sprinklers qui s&rsquo;activent avec la chaleur, un r\u00e9seau de canalisations et une source d&rsquo;eau. Le d\u00e9clenchement d&rsquo;un sprinkler entra\u00eene une chute de pression qui active les pompes, assurant ainsi une protection automatique et rapide.<br \/>\nFonctionnement<br \/>\nD\u00e9tection de la chaleur : Lorsqu&rsquo;un d\u00e9but d&rsquo;incendie survient, la chaleur excessive provoque l&rsquo;activation de la t\u00eate sprinkler la plus proche.<br \/>\n\u00c9vacuation de l&rsquo;eau : Le bulbe thermosensible de la t\u00eate sprinkler se brise, lib\u00e9rant l&rsquo;eau contenue dans le r\u00e9seau.<br \/>\nActivation de l&rsquo;alarme et des pompes : La chute de pression r\u00e9sultant de l&rsquo;ouverture du sprinkler d\u00e9clenche une alarme et met en marche le groupe de pompage qui alimente le syst\u00e8me.<br \/>\nContention et extinction : L&rsquo;eau pulv\u00e9ris\u00e9e refroidit les flammes, humidifie l&rsquo;environnement et \u00e9touffe le feu, le limitant \u00e0 la zone o\u00f9 le sprinkler s&rsquo;est activ\u00e9. Si la temp\u00e9rature ne diminue pas, les sprinklers voisins s&rsquo;ouvrent aussi, renfor\u00e7ant l&rsquo;action d&rsquo;extinction.<br \/>\nComposants principaux<br \/>\nT\u00eates sprinklers : Les dispositifs qui s&rsquo;ouvrent et lib\u00e8rent l&rsquo;eau lorsqu&rsquo;ils d\u00e9tectent une source de chaleur excessive.<br \/>\nSource d&rsquo;eau : Une r\u00e9serve d&rsquo;eau indispensable pour alimenter le syst\u00e8me.<br \/>\nR\u00e9seau de canalisations : L&rsquo;ensemble des tuyaux qui achemine l&rsquo;eau depuis la source jusqu&rsquo;aux t\u00eates sprinklers.<br \/>\nPoste de contr\u00f4le : Un \u00e9l\u00e9ment qui permet de surveiller le bon fonctionnement de l&rsquo;installation, de d\u00e9clencher l&rsquo;alarme et d&rsquo;arr\u00eater le syst\u00e8me si n\u00e9cessaire.<\/p>","protected":false},"featured_media":21586,"template":"","meta":[],"product_brand":[],"product_cat":[90],"product_tag":[],"class_list":{"0":"post-21585","1":"product","2":"type-product","3":"status-publish","4":"has-post-thumbnail","6":"product_cat-equipement-anti-incendie","8":"first","9":"instock","10":"shipping-taxable","11":"product-type-simple"},"_links":{"self":[{"href":"https:\/\/produitsconforme.com\/en\/wp-json\/wp\/v2\/product\/21585","targetHints":{"allow":["GET"]}}],"collection":[{"href":"https:\/\/produitsconforme.com\/en\/wp-json\/wp\/v2\/product"}],"about":[{"href":"https:\/\/produitsconforme.com\/en\/wp-json\/wp\/v2\/types\/product"}],"version-history":[{"count":1,"href":"https:\/\/produitsconforme.com\/en\/wp-json\/wp\/v2\/product\/21585\/revisions"}],"predecessor-version":[{"id":21588,"href":"https:\/\/produitsconforme.com\/en\/wp-json\/wp\/v2\/product\/21585\/revisions\/21588"}],"wp:featuredmedia":[{"embeddable":true,"href":"https:\/\/produitsconforme.com\/en\/wp-json\/wp\/v2\/media\/21586"}],"wp:attachment":[{"href":"https:\/\/produitsconforme.com\/en\/wp-json\/wp\/v2\/media?parent=21585"}],"wp:term":[{"taxonomy":"product_brand","embeddable":true,"href":"https:\/\/produitsconforme.com\/en\/wp-json\/wp\/v2\/product_brand?post=21585"},{"taxonomy":"product_cat","embeddable":true,"href":"https:\/\/produitsconforme.com\/en\/wp-json\/wp\/v2\/product_cat?post=21585"},{"taxonomy":"product_tag","embeddable":true,"href":"https:\/\/produitsconforme.com\/en\/wp-json\/wp\/v2\/product_tag?post=21585"}],"curies":[{"name":"wp","href":"https:\/\/api.w.org\/{rel}","templated":true}]}}