{"id":21589,"date":"2025-10-04T09:57:34","date_gmt":"2025-10-04T09:57:34","guid":{"rendered":"https:\/\/produitsconforme.com\/?post_type=product&#038;p=21589"},"modified":"2025-10-04T10:58:13","modified_gmt":"2025-10-04T10:58:13","slug":"une-lance-dincendie","status":"publish","type":"product","link":"https:\/\/produitsconforme.com\/en\/product\/une-lance-dincendie\/","title":{"rendered":"UNE LANCE D&rsquo;incendie"},"content":{"rendered":"","protected":false},"excerpt":{"rendered":"<p>Une lance incendie est un outil essentiel des sapeurs-pompiers, fix\u00e9 \u00e0 l&rsquo;extr\u00e9mit\u00e9 d&rsquo;un tuyau, qui projette de l&rsquo;eau ou de la mousse pour ma\u00eetriser un feu. Elle permet de contr\u00f4ler la forme du jet (droit, brume, etc.) et le d\u00e9bit d&rsquo;eau afin de l&rsquo;adapter aux besoins sp\u00e9cifiques de la situation, que ce soit pour attaquer les flammes, refroidir les fum\u00e9es, ou prot\u00e9ger les intervenants.<\/p>","protected":false},"featured_media":21590,"template":"","meta":[],"product_brand":[],"product_cat":[90],"product_tag":[],"class_list":{"0":"post-21589","1":"product","2":"type-product","3":"status-publish","4":"has-post-thumbnail","6":"product_cat-equipement-anti-incendie","8":"first","9":"instock","10":"shipping-taxable","11":"product-type-simple"},"_links":{"self":[{"href":"https:\/\/produitsconforme.com\/en\/wp-json\/wp\/v2\/product\/21589","targetHints":{"allow":["GET"]}}],"collection":[{"href":"https:\/\/produitsconforme.com\/en\/wp-json\/wp\/v2\/product"}],"about":[{"href":"https:\/\/produitsconforme.com\/en\/wp-json\/wp\/v2\/types\/product"}],"version-history":[{"count":2,"href":"https:\/\/produitsconforme.com\/en\/wp-json\/wp\/v2\/product\/21589\/revisions"}],"predecessor-version":[{"id":21612,"href":"https:\/\/produitsconforme.com\/en\/wp-json\/wp\/v2\/product\/21589\/revisions\/21612"}],"wp:featuredmedia":[{"embeddable":true,"href":"https:\/\/produitsconforme.com\/en\/wp-json\/wp\/v2\/media\/21590"}],"wp:attachment":[{"href":"https:\/\/produitsconforme.com\/en\/wp-json\/wp\/v2\/media?parent=21589"}],"wp:term":[{"taxonomy":"product_brand","embeddable":true,"href":"https:\/\/produitsconforme.com\/en\/wp-json\/wp\/v2\/product_brand?post=21589"},{"taxonomy":"product_cat","embeddable":true,"href":"https:\/\/produitsconforme.com\/en\/wp-json\/wp\/v2\/product_cat?post=21589"},{"taxonomy":"product_tag","embeddable":true,"href":"https:\/\/produitsconforme.com\/en\/wp-json\/wp\/v2\/product_tag?post=21589"}],"curies":[{"name":"wp","href":"https:\/\/api.w.org\/{rel}","templated":true}]}}