{"id":21594,"date":"2025-10-04T10:10:50","date_gmt":"2025-10-04T10:10:50","guid":{"rendered":"https:\/\/produitsconforme.com\/?post_type=product&#038;p=21594"},"modified":"2025-10-04T13:31:54","modified_gmt":"2025-10-04T13:31:54","slug":"soupape-de-decherge","status":"publish","type":"product","link":"https:\/\/produitsconforme.com\/en\/product\/soupape-de-decherge\/","title":{"rendered":"SOUPAPE DE DECHERGE"},"content":{"rendered":"","protected":false},"excerpt":{"rendered":"<p>soupape de d\u00e9charge est un dispositif de s\u00e9curit\u00e9 qui r\u00e9gule la pression dans un circuit de fluide (liquide ou gaz) en s&rsquo;ouvrant automatiquement pour \u00e9vacuer l&rsquo;exc\u00e8s de pression lorsqu&rsquo;elle atteint un niveau pr\u00e9d\u00e9fini. Son r\u00f4le principal est de prot\u00e9ger les \u00e9quipements contre les surpressions dangereuses, d&rsquo;assurer l&rsquo;int\u00e9grit\u00e9 de l&rsquo;installation, et de garantir une performance stable du syst\u00e8me.<br \/>\nFonctionnement<br \/>\nD\u00e9tection de surpression : La soupape est r\u00e9gl\u00e9e pour s&rsquo;ouvrir \u00e0 une pression sp\u00e9cifique, appel\u00e9e point de consigne.<br \/>\nOuverture et d\u00e9charge : Lorsque la pression dans le syst\u00e8me d\u00e9passe ce seuil, la soupape s&rsquo;ouvre, lib\u00e9rant le fluide vers une sortie ou un r\u00e9servoir.<br \/>\nR\u00e9gulation : Cela emp\u00eache la pression de monter \u00e0 des niveaux excessifs, ce qui pourrait causer des dommages ou des pannes.<br \/>\nApplications<br \/>\nLes soupapes de d\u00e9charge sont utilis\u00e9es dans une grande vari\u00e9t\u00e9 de syst\u00e8mes, notamment :<br \/>\nSyst\u00e8mes hydrauliques et pneumatiques: pour prot\u00e9ger les composants et \u00e9viter les coups de b\u00e9lier.<br \/>\nCircuits industriels, r\u00e9sidentiels et commerciaux.<br \/>\nV\u00e9hicules \u00e9quip\u00e9s d&rsquo;un turbocompresseur, o\u00f9 la wastegate r\u00e9gule la pression de suralimentation.<br \/>\nTypes<br \/>\nIl existe diff\u00e9rents types de soupapes de d\u00e9charge, con\u00e7ues pour des applications sp\u00e9cifiques :<br \/>\nSouples action directes ou pilot\u00e9es : Pour des applications de r\u00e9gulation de pression ou de d\u00e9charge.<br \/>\nSouples internes et \u00e0 \u00e9clatement : Diff\u00e9rents types de soupapes existent pour des fonctions de s\u00e9curit\u00e9.<br \/>\nSouples en bronze ou en inox : En fonction des besoins de l&rsquo;application, comme le bronze ou l&rsquo;inox.<\/p>","protected":false},"featured_media":21595,"template":"","meta":[],"product_brand":[],"product_cat":[90],"product_tag":[],"class_list":{"0":"post-21594","1":"product","2":"type-product","3":"status-publish","4":"has-post-thumbnail","6":"product_cat-equipement-anti-incendie","8":"first","9":"instock","10":"shipping-taxable","11":"product-type-simple"},"_links":{"self":[{"href":"https:\/\/produitsconforme.com\/en\/wp-json\/wp\/v2\/product\/21594","targetHints":{"allow":["GET"]}}],"collection":[{"href":"https:\/\/produitsconforme.com\/en\/wp-json\/wp\/v2\/product"}],"about":[{"href":"https:\/\/produitsconforme.com\/en\/wp-json\/wp\/v2\/types\/product"}],"version-history":[{"count":2,"href":"https:\/\/produitsconforme.com\/en\/wp-json\/wp\/v2\/product\/21594\/revisions"}],"predecessor-version":[{"id":21617,"href":"https:\/\/produitsconforme.com\/en\/wp-json\/wp\/v2\/product\/21594\/revisions\/21617"}],"wp:featuredmedia":[{"embeddable":true,"href":"https:\/\/produitsconforme.com\/en\/wp-json\/wp\/v2\/media\/21595"}],"wp:attachment":[{"href":"https:\/\/produitsconforme.com\/en\/wp-json\/wp\/v2\/media?parent=21594"}],"wp:term":[{"taxonomy":"product_brand","embeddable":true,"href":"https:\/\/produitsconforme.com\/en\/wp-json\/wp\/v2\/product_brand?post=21594"},{"taxonomy":"product_cat","embeddable":true,"href":"https:\/\/produitsconforme.com\/en\/wp-json\/wp\/v2\/product_cat?post=21594"},{"taxonomy":"product_tag","embeddable":true,"href":"https:\/\/produitsconforme.com\/en\/wp-json\/wp\/v2\/product_tag?post=21594"}],"curies":[{"name":"wp","href":"https:\/\/api.w.org\/{rel}","templated":true}]}}