{"id":21598,"date":"2025-10-04T10:21:47","date_gmt":"2025-10-04T10:21:47","guid":{"rendered":"https:\/\/produitsconforme.com\/?post_type=product&#038;p=21598"},"modified":"2025-10-04T10:21:47","modified_gmt":"2025-10-04T10:21:47","slug":"vanne-dincendie","status":"publish","type":"product","link":"https:\/\/produitsconforme.com\/en\/product\/vanne-dincendie\/","title":{"rendered":"VANNE D\u00a0\u00bbINCENDIE"},"content":{"rendered":"","protected":false},"excerpt":{"rendered":"<p>Les robinets d\u2019incendie du diam\u00e8tre nominal de 45 millim\u00e8tres ont un r\u00f4le central dans la pr\u00e9vention des incendies en garantissant un apport d\u2019eau ad\u00e9quate pour les \u00e9quipes de pompiers, leur permettant de lutter avec efficacit\u00e9 contre les incendies, limitant ainsi les d\u00e9g\u00e2ts et pr\u00e9servant l\u2019int\u00e9grit\u00e9 des int\u00e9r\u00eats.<\/p>\n<p>Caract\u00e9ristiques principales:<\/p>\n<p>Ils peuvent fournir un d\u00e9bit d\u2019eau important pour \u00e9teindre les feux rapidement et efficacement.<br \/>\nIls sont Fabriqu\u00e9s \u00e0 partir de mat\u00e9riaux durables comme la fonte ou le bronze, ils peuvent r\u00e9sister \u00e0 des conditions d\u2019utilisation difficiles.<br \/>\nLa conception simple avec une vanne \u00e0 bille permet une ouverture et une fermeture rapides et faciles.<br \/>\nLes raccords filet\u00e9s ou \u00e0 brides assurent une connexion \u00e9tanche au r\u00e9seau d\u2019eau municipal.<br \/>\nIls sont conformes aux normes internationales de lutte contre les incendies pour garantir leur s\u00e9curit\u00e9 et leur efficacit\u00e9.<br \/>\nAvantages:<\/p>\n<p>Ces robinets sont con\u00e7us avec des mat\u00e9riaux durables ce qui leur permet de r\u00e9sister \u00e0 des conditions d\u2019utilisation intense.<br \/>\nIls exploitent des mat\u00e9riaux qui prolonge consid\u00e9rablement leur fonctionnement et r\u00e9duit la fr\u00e9quence des interventions pour maintenance ou remplacement.<br \/>\nIls int\u00e8grent une valve \u00e0 bille qui assure une \u00e9tanch\u00e9it\u00e9 parfaite, \u00e9vitant ainsi les fuites d\u2019eau.<br \/>\nLa pr\u00e9sence d\u2019une vanne papillon facilite l\u2019ouverture et la fermeture rapide du robinet.<br \/>\nLeur design \u00e9pur\u00e9 simplifie grandement les op\u00e9rations de nettoyage et de maintenance, contribuant ainsi \u00e0 diminuer le temps d\u2019arr\u00eat et les co\u00fbts associ\u00e9s.<\/p>","protected":false},"featured_media":21600,"template":"","meta":[],"product_brand":[],"product_cat":[90],"product_tag":[],"class_list":{"0":"post-21598","1":"product","2":"type-product","3":"status-publish","4":"has-post-thumbnail","6":"product_cat-equipement-anti-incendie","8":"first","9":"instock","10":"shipping-taxable","11":"product-type-simple"},"_links":{"self":[{"href":"https:\/\/produitsconforme.com\/en\/wp-json\/wp\/v2\/product\/21598","targetHints":{"allow":["GET"]}}],"collection":[{"href":"https:\/\/produitsconforme.com\/en\/wp-json\/wp\/v2\/product"}],"about":[{"href":"https:\/\/produitsconforme.com\/en\/wp-json\/wp\/v2\/types\/product"}],"version-history":[{"count":1,"href":"https:\/\/produitsconforme.com\/en\/wp-json\/wp\/v2\/product\/21598\/revisions"}],"predecessor-version":[{"id":21601,"href":"https:\/\/produitsconforme.com\/en\/wp-json\/wp\/v2\/product\/21598\/revisions\/21601"}],"wp:featuredmedia":[{"embeddable":true,"href":"https:\/\/produitsconforme.com\/en\/wp-json\/wp\/v2\/media\/21600"}],"wp:attachment":[{"href":"https:\/\/produitsconforme.com\/en\/wp-json\/wp\/v2\/media?parent=21598"}],"wp:term":[{"taxonomy":"product_brand","embeddable":true,"href":"https:\/\/produitsconforme.com\/en\/wp-json\/wp\/v2\/product_brand?post=21598"},{"taxonomy":"product_cat","embeddable":true,"href":"https:\/\/produitsconforme.com\/en\/wp-json\/wp\/v2\/product_cat?post=21598"},{"taxonomy":"product_tag","embeddable":true,"href":"https:\/\/produitsconforme.com\/en\/wp-json\/wp\/v2\/product_tag?post=21598"}],"curies":[{"name":"wp","href":"https:\/\/api.w.org\/{rel}","templated":true}]}}