{"id":21602,"date":"2025-10-04T10:34:51","date_gmt":"2025-10-04T10:34:51","guid":{"rendered":"https:\/\/produitsconforme.com\/?post_type=product&#038;p=21602"},"modified":"2025-10-04T10:34:51","modified_gmt":"2025-10-04T10:34:51","slug":"un-bouchon-symetrique","status":"publish","type":"product","link":"https:\/\/produitsconforme.com\/en\/product\/un-bouchon-symetrique\/","title":{"rendered":"UN BOUCHON SYMETRIQUE"},"content":{"rendered":"","protected":false},"excerpt":{"rendered":"<p>Un bouchon sym\u00e9trique, aussi appel\u00e9 bouchon Guillemin ou pompier, est un type de raccord rapide utilis\u00e9 en France pour connecter des tuyaux et des vannes, assurant une fermeture rapide et \u00e9tanche. Il est couramment employ\u00e9 dans les r\u00e9seaux sous pression comme l&rsquo;incendie, l&rsquo;irrigation, et le transfert de fluides, gr\u00e2ce \u00e0 son syst\u00e8me de verrouillage rapide.<\/p>","protected":false},"featured_media":21603,"template":"","meta":[],"product_brand":[],"product_cat":[90],"product_tag":[],"class_list":{"0":"post-21602","1":"product","2":"type-product","3":"status-publish","4":"has-post-thumbnail","6":"product_cat-equipement-anti-incendie","8":"first","9":"instock","10":"shipping-taxable","11":"product-type-simple"},"_links":{"self":[{"href":"https:\/\/produitsconforme.com\/en\/wp-json\/wp\/v2\/product\/21602","targetHints":{"allow":["GET"]}}],"collection":[{"href":"https:\/\/produitsconforme.com\/en\/wp-json\/wp\/v2\/product"}],"about":[{"href":"https:\/\/produitsconforme.com\/en\/wp-json\/wp\/v2\/types\/product"}],"version-history":[{"count":1,"href":"https:\/\/produitsconforme.com\/en\/wp-json\/wp\/v2\/product\/21602\/revisions"}],"predecessor-version":[{"id":21605,"href":"https:\/\/produitsconforme.com\/en\/wp-json\/wp\/v2\/product\/21602\/revisions\/21605"}],"wp:featuredmedia":[{"embeddable":true,"href":"https:\/\/produitsconforme.com\/en\/wp-json\/wp\/v2\/media\/21603"}],"wp:attachment":[{"href":"https:\/\/produitsconforme.com\/en\/wp-json\/wp\/v2\/media?parent=21602"}],"wp:term":[{"taxonomy":"product_brand","embeddable":true,"href":"https:\/\/produitsconforme.com\/en\/wp-json\/wp\/v2\/product_brand?post=21602"},{"taxonomy":"product_cat","embeddable":true,"href":"https:\/\/produitsconforme.com\/en\/wp-json\/wp\/v2\/product_cat?post=21602"},{"taxonomy":"product_tag","embeddable":true,"href":"https:\/\/produitsconforme.com\/en\/wp-json\/wp\/v2\/product_tag?post=21602"}],"curies":[{"name":"wp","href":"https:\/\/api.w.org\/{rel}","templated":true}]}}