{"id":21606,"date":"2025-10-04T10:39:33","date_gmt":"2025-10-04T10:39:33","guid":{"rendered":"https:\/\/produitsconforme.com\/?post_type=product&#038;p=21606"},"modified":"2025-10-04T13:30:33","modified_gmt":"2025-10-04T13:30:33","slug":"raccord-dincendie","status":"publish","type":"product","link":"https:\/\/produitsconforme.com\/en\/product\/raccord-dincendie\/","title":{"rendered":"RACCORD D\u00a0\u00bbINCENDIE"},"content":{"rendered":"","protected":false},"excerpt":{"rendered":"<p>Un raccord d&rsquo;incendie est un dispositif de connexion utilis\u00e9 par les pompiers pour se brancher rapidement \u00e0 une source d&rsquo;eau, telle qu&rsquo;une bouche ou un poteau incendie, afin de diriger le flux d&rsquo;eau vers les tuyaux et les lances lors de la lutte contre un incendie. Ces raccords, souvent en laiton ou en aluminium, permettent une connexion s\u00e9curis\u00e9e et fiable, assurant la transmission de l&rsquo;eau sous pression vers les \u00e9quipes d&rsquo;intervention.<\/p>","protected":false},"featured_media":21607,"template":"","meta":[],"product_brand":[],"product_cat":[90],"product_tag":[],"class_list":{"0":"post-21606","1":"product","2":"type-product","3":"status-publish","4":"has-post-thumbnail","6":"product_cat-equipement-anti-incendie","8":"first","9":"instock","10":"shipping-taxable","11":"product-type-simple"},"_links":{"self":[{"href":"https:\/\/produitsconforme.com\/en\/wp-json\/wp\/v2\/product\/21606","targetHints":{"allow":["GET"]}}],"collection":[{"href":"https:\/\/produitsconforme.com\/en\/wp-json\/wp\/v2\/product"}],"about":[{"href":"https:\/\/produitsconforme.com\/en\/wp-json\/wp\/v2\/types\/product"}],"version-history":[{"count":3,"href":"https:\/\/produitsconforme.com\/en\/wp-json\/wp\/v2\/product\/21606\/revisions"}],"predecessor-version":[{"id":21616,"href":"https:\/\/produitsconforme.com\/en\/wp-json\/wp\/v2\/product\/21606\/revisions\/21616"}],"wp:featuredmedia":[{"embeddable":true,"href":"https:\/\/produitsconforme.com\/en\/wp-json\/wp\/v2\/media\/21607"}],"wp:attachment":[{"href":"https:\/\/produitsconforme.com\/en\/wp-json\/wp\/v2\/media?parent=21606"}],"wp:term":[{"taxonomy":"product_brand","embeddable":true,"href":"https:\/\/produitsconforme.com\/en\/wp-json\/wp\/v2\/product_brand?post=21606"},{"taxonomy":"product_cat","embeddable":true,"href":"https:\/\/produitsconforme.com\/en\/wp-json\/wp\/v2\/product_cat?post=21606"},{"taxonomy":"product_tag","embeddable":true,"href":"https:\/\/produitsconforme.com\/en\/wp-json\/wp\/v2\/product_tag?post=21606"}],"curies":[{"name":"wp","href":"https:\/\/api.w.org\/{rel}","templated":true}]}}