{"id":21618,"date":"2025-10-05T12:49:07","date_gmt":"2025-10-05T12:49:07","guid":{"rendered":"https:\/\/produitsconforme.com\/?post_type=product&#038;p=21618"},"modified":"2025-10-05T12:49:07","modified_gmt":"2025-10-05T12:49:07","slug":"vanne-opercule-a-bride","status":"publish","type":"product","link":"https:\/\/produitsconforme.com\/en\/product\/vanne-opercule-a-bride\/","title":{"rendered":"VANNE OPERCULE A BRIDE"},"content":{"rendered":"","protected":false},"excerpt":{"rendered":"<p>La vanne \u00e0 opercule \u00e0 bride est un dispositif de r\u00e9gulation de d\u00e9bit qui se compose d&rsquo;un corps en fonte ductile, d&rsquo;un opercule en caoutchouc ou en fonte, et de brides pour la connexion \u00e0 la tuyauterie. Elle contr\u00f4le l&rsquo;ouverture et la fermeture du passage des fluides via une tige man\u0153uvr\u00e9e par un volant, et se distingue par sa robustesse, sa durabilit\u00e9 et son application dans des r\u00e9seaux d&rsquo;eau potable et d&rsquo;eaux us\u00e9es. Son fonctionnement lent \u00e9vite les coups de b\u00e9lier, et son design \u00e9vite l&rsquo;accumulation d&rsquo;impuret\u00e9s et offre un passage int\u00e9gral.<br \/>\nFonctionnement et caract\u00e9ristiques principales<br \/>\nPrincipe : Un disque, appel\u00e9 opercule, se l\u00e8ve ou s&rsquo;abaisse pour ouvrir ou fermer le passage d&rsquo;un fluide dans un syst\u00e8me de tuyauterie.<br \/>\nMan\u0153uvre : Elle est man\u0153uvr\u00e9e par une tige filet\u00e9e et un volant, ce qui en fait une vanne multi-tour permettant une action lente et contr\u00f4l\u00e9e, r\u00e9duisant les risques de coups de b\u00e9lier.<br \/>\nRaccordement : La vanne est munie de brides, des bords usin\u00e9s sur le corps, qui permettent de la fixer aux tuyaux.<br \/>\nMat\u00e9riaux : Souvent fabriqu\u00e9e en fonte ductile pour sa r\u00e9sistance, avec un opercule recouvert de caoutchouc EPDM.<br \/>\nConception : Son design avec passage int\u00e9gral, rails de guidage et rev\u00eatement emp\u00eache la stagnation d&rsquo;impuret\u00e9s.<br \/>\nApplications et avantages<br \/>\nApplications : Id\u00e9ale pour les r\u00e9seaux d&rsquo;adduction d&rsquo;eau, de traitement des eaux, d&rsquo;irrigation et d&rsquo;assainissement.<br \/>\nAvantages :<br \/>\nDurabilit\u00e9 : Le corps en fonte et le rev\u00eatement protecteur assurent une longue dur\u00e9e de vie.<br \/>\nFiabilit\u00e9 : La conception robuste, l&rsquo;\u00e9tanch\u00e9it\u00e9 de la tige et le syst\u00e8me de guidage de l&rsquo;opercule garantissent une fiabilit\u00e9 accrue.<br \/>\nConformit\u00e9 : Elle est souvent certifi\u00e9e pour l&rsquo;eau potable.<br \/>\nEntretien simplifi\u00e9 : Les composants sont con\u00e7us pour un fonctionnement et un nettoyage optimaux.<\/p>","protected":false},"featured_media":21619,"template":"","meta":[],"product_brand":[],"product_cat":[94],"product_tag":[],"class_list":{"0":"post-21618","1":"product","2":"type-product","3":"status-publish","4":"has-post-thumbnail","6":"product_cat-vanne-et-robinetterie","8":"first","9":"instock","10":"shipping-taxable","11":"product-type-simple"},"_links":{"self":[{"href":"https:\/\/produitsconforme.com\/en\/wp-json\/wp\/v2\/product\/21618","targetHints":{"allow":["GET"]}}],"collection":[{"href":"https:\/\/produitsconforme.com\/en\/wp-json\/wp\/v2\/product"}],"about":[{"href":"https:\/\/produitsconforme.com\/en\/wp-json\/wp\/v2\/types\/product"}],"version-history":[{"count":1,"href":"https:\/\/produitsconforme.com\/en\/wp-json\/wp\/v2\/product\/21618\/revisions"}],"predecessor-version":[{"id":21621,"href":"https:\/\/produitsconforme.com\/en\/wp-json\/wp\/v2\/product\/21618\/revisions\/21621"}],"wp:featuredmedia":[{"embeddable":true,"href":"https:\/\/produitsconforme.com\/en\/wp-json\/wp\/v2\/media\/21619"}],"wp:attachment":[{"href":"https:\/\/produitsconforme.com\/en\/wp-json\/wp\/v2\/media?parent=21618"}],"wp:term":[{"taxonomy":"product_brand","embeddable":true,"href":"https:\/\/produitsconforme.com\/en\/wp-json\/wp\/v2\/product_brand?post=21618"},{"taxonomy":"product_cat","embeddable":true,"href":"https:\/\/produitsconforme.com\/en\/wp-json\/wp\/v2\/product_cat?post=21618"},{"taxonomy":"product_tag","embeddable":true,"href":"https:\/\/produitsconforme.com\/en\/wp-json\/wp\/v2\/product_tag?post=21618"}],"curies":[{"name":"wp","href":"https:\/\/api.w.org\/{rel}","templated":true}]}}