{"id":21622,"date":"2025-10-06T08:52:25","date_gmt":"2025-10-06T08:52:25","guid":{"rendered":"https:\/\/produitsconforme.com\/?post_type=product&#038;p=21622"},"modified":"2025-10-06T08:53:12","modified_gmt":"2025-10-06T08:53:12","slug":"la-vanne-papillon","status":"publish","type":"product","link":"https:\/\/produitsconforme.com\/en\/product\/la-vanne-papillon\/","title":{"rendered":"LA VANNE PAPILLON"},"content":{"rendered":"","protected":false},"excerpt":{"rendered":"<p>Une vanne papillon est une vanne de sectionnement simple qui contr\u00f4le le d\u00e9bit de fluide dans un tuyau gr\u00e2ce \u00e0 un disque rotatif qui pivote sur un axe. En un quart de tour, elle passe de l&rsquo;\u00e9tat ferm\u00e9 (disque bloquant le passage) \u00e0 l&rsquo;\u00e9tat ouvert (disque align\u00e9 avec l&rsquo;\u00e9coulement), permettant une r\u00e9gulation rapide. Sa conception compacte, sa l\u00e9g\u00e8ret\u00e9 et sa simplicit\u00e9 d&rsquo;installation en font un choix populaire pour le traitement de l&rsquo;eau, l&rsquo;industrie chimique et d&rsquo;autres applications, offrant une alternative \u00e9conomique aux vannes \u00e0 boisseau sph\u00e9rique.<br \/>\nFonctionnement<br \/>\nUn disque, reli\u00e9 \u00e0 une tige, est le composant principal.<br \/>\nLa rotation de la tige actionne le disque, le faisant pivoter de 90 degr\u00e9s (un quart de tour).<br \/>\nEn position ferm\u00e9e, le disque est perpendiculaire au flux, bloquant compl\u00e8tement le passage du liquide ou du gaz.<br \/>\nEn position ouverte, le disque est parall\u00e8le au flux, permettant une circulation libre du fluide.<br \/>\nAvantages<br \/>\nRapidit\u00e9 d&rsquo;action : L&rsquo;ouverture et la fermeture se font en un quart de tour, ce qui est tr\u00e8s rapide.<br \/>\nSimplicit\u00e9 et compacit\u00e9 : Sa conception simple la rend l\u00e9g\u00e8re, peu encombrante et facile \u00e0 installer.<br \/>\nPolyvalence : Elle est utilis\u00e9e dans de nombreuses applications pour le contr\u00f4le de d\u00e9bit (marche\/arr\u00eat ou modulation).<br \/>\nCo\u00fbt : C&rsquo;est une solution \u00e9conomique par rapport \u00e0 d&rsquo;autres types de vannes.<br \/>\nApplications courantes<br \/>\nLes vannes papillon sont utilis\u00e9es dans divers secteurs industriels et civils, notamment : Alimentation en eau et traitement des eaux us\u00e9es, G\u00e9nie climatique, Industrie chimique et p\u00e9troli\u00e8re, Protection incendie.<\/p>","protected":false},"featured_media":21623,"template":"","meta":[],"product_brand":[],"product_cat":[94],"product_tag":[],"class_list":{"0":"post-21622","1":"product","2":"type-product","3":"status-publish","4":"has-post-thumbnail","6":"product_cat-vanne-et-robinetterie","8":"first","9":"instock","10":"shipping-taxable","11":"product-type-simple"},"_links":{"self":[{"href":"https:\/\/produitsconforme.com\/en\/wp-json\/wp\/v2\/product\/21622","targetHints":{"allow":["GET"]}}],"collection":[{"href":"https:\/\/produitsconforme.com\/en\/wp-json\/wp\/v2\/product"}],"about":[{"href":"https:\/\/produitsconforme.com\/en\/wp-json\/wp\/v2\/types\/product"}],"version-history":[{"count":2,"href":"https:\/\/produitsconforme.com\/en\/wp-json\/wp\/v2\/product\/21622\/revisions"}],"predecessor-version":[{"id":21626,"href":"https:\/\/produitsconforme.com\/en\/wp-json\/wp\/v2\/product\/21622\/revisions\/21626"}],"wp:featuredmedia":[{"embeddable":true,"href":"https:\/\/produitsconforme.com\/en\/wp-json\/wp\/v2\/media\/21623"}],"wp:attachment":[{"href":"https:\/\/produitsconforme.com\/en\/wp-json\/wp\/v2\/media?parent=21622"}],"wp:term":[{"taxonomy":"product_brand","embeddable":true,"href":"https:\/\/produitsconforme.com\/en\/wp-json\/wp\/v2\/product_brand?post=21622"},{"taxonomy":"product_cat","embeddable":true,"href":"https:\/\/produitsconforme.com\/en\/wp-json\/wp\/v2\/product_cat?post=21622"},{"taxonomy":"product_tag","embeddable":true,"href":"https:\/\/produitsconforme.com\/en\/wp-json\/wp\/v2\/product_tag?post=21622"}],"curies":[{"name":"wp","href":"https:\/\/api.w.org\/{rel}","templated":true}]}}