{"id":21627,"date":"2025-10-06T08:59:44","date_gmt":"2025-10-06T08:59:44","guid":{"rendered":"https:\/\/produitsconforme.com\/?post_type=product&#038;p=21627"},"modified":"2025-10-06T08:59:44","modified_gmt":"2025-10-06T08:59:44","slug":"le-compteur-a-bride","status":"publish","type":"product","link":"https:\/\/produitsconforme.com\/en\/product\/le-compteur-a-bride\/","title":{"rendered":"LE COMPTEUR A BRIDE"},"content":{"rendered":"","protected":false},"excerpt":{"rendered":"<p>Un compteur \u00e0 bride est un dispositif de mesure, comme un compteur d&rsquo;eau ou de gaz, qui se raccorde \u00e0 une conduite gr\u00e2ce \u00e0 des brides. Il est souvent utilis\u00e9 pour mesurer de grands volumes de liquides ou de gaz dans l&rsquo;industrie ou l&rsquo;irrigation, offrant une grande robustesse et des performances adapt\u00e9es aux d\u00e9bits importants. Son corps en fonte, son m\u00e9canisme tangentiel ou axial, et son cadran orientable sont des caract\u00e9ristiques courantes, le rendant particuli\u00e8rement adapt\u00e9 aux applications n\u00e9cessitant une mesure pr\u00e9cise et une grande durabilit\u00e9.<br \/>\nPrincipes et fonctionnement<br \/>\nType de compteur : Le compteur \u00e0 bride est un type de compteur qui, contrairement aux compteurs \u00e0 raccords filet\u00e9s ou flexibles, utilise des brides pour \u00eatre raccord\u00e9 \u00e0 la conduite. Ces brides permettent une fixation stable et une \u00e9tanch\u00e9it\u00e9 parfaite.<br \/>\nMise en \u0153uvre : Le compteur \u00e0 h\u00e9lice tangentielle ou axiale poss\u00e8de un m\u00e9canisme interne \u00e0 turbine ou \u00e0 h\u00e9lice. Le passage du fluide met en rotation cette turbine.<br \/>\nM\u00e9canisme de comptage : La rotation de l&rsquo;h\u00e9lice est transmise \u00e0 un totalisateur m\u00e9canique. Ce totalisateur, visible \u00e0 l&rsquo;ext\u00e9rieur, enregistre le volume de fluide qui est pass\u00e9 \u00e0 travers le compteur, le transformant en litres ou en m\u00e8tres cubes.<br \/>\nPr\u00e9cision : Le compteur \u00e0 bride est con\u00e7u pour des applications o\u00f9 une grande pr\u00e9cision est n\u00e9cessaire.<br \/>\nAvantages<\/p>\n<p>Applications<br \/>\nEau : Installation sur les conduites d&rsquo;eau dans les r\u00e9seaux d&rsquo;irrigation, les r\u00e9seaux d&rsquo;approvisionnement en eau, ou les installations industrielles pour le contr\u00f4le des volumes d&rsquo;eau froide ou chaude.<br \/>\nGaz : Le compteur \u00e0 bride est aussi utilis\u00e9 pour le comptage de volumes de gaz.<\/p>","protected":false},"featured_media":21628,"template":"","meta":[],"product_brand":[],"product_cat":[94],"product_tag":[],"class_list":{"0":"post-21627","1":"product","2":"type-product","3":"status-publish","4":"has-post-thumbnail","6":"product_cat-vanne-et-robinetterie","8":"first","9":"instock","10":"shipping-taxable","11":"product-type-simple"},"_links":{"self":[{"href":"https:\/\/produitsconforme.com\/en\/wp-json\/wp\/v2\/product\/21627","targetHints":{"allow":["GET"]}}],"collection":[{"href":"https:\/\/produitsconforme.com\/en\/wp-json\/wp\/v2\/product"}],"about":[{"href":"https:\/\/produitsconforme.com\/en\/wp-json\/wp\/v2\/types\/product"}],"version-history":[{"count":1,"href":"https:\/\/produitsconforme.com\/en\/wp-json\/wp\/v2\/product\/21627\/revisions"}],"predecessor-version":[{"id":21630,"href":"https:\/\/produitsconforme.com\/en\/wp-json\/wp\/v2\/product\/21627\/revisions\/21630"}],"wp:featuredmedia":[{"embeddable":true,"href":"https:\/\/produitsconforme.com\/en\/wp-json\/wp\/v2\/media\/21628"}],"wp:attachment":[{"href":"https:\/\/produitsconforme.com\/en\/wp-json\/wp\/v2\/media?parent=21627"}],"wp:term":[{"taxonomy":"product_brand","embeddable":true,"href":"https:\/\/produitsconforme.com\/en\/wp-json\/wp\/v2\/product_brand?post=21627"},{"taxonomy":"product_cat","embeddable":true,"href":"https:\/\/produitsconforme.com\/en\/wp-json\/wp\/v2\/product_cat?post=21627"},{"taxonomy":"product_tag","embeddable":true,"href":"https:\/\/produitsconforme.com\/en\/wp-json\/wp\/v2\/product_tag?post=21627"}],"curies":[{"name":"wp","href":"https:\/\/api.w.org\/{rel}","templated":true}]}}