{"id":21631,"date":"2025-10-06T09:23:22","date_gmt":"2025-10-06T09:23:22","guid":{"rendered":"https:\/\/produitsconforme.com\/?post_type=product&#038;p=21631"},"modified":"2025-10-06T09:23:22","modified_gmt":"2025-10-06T09:23:22","slug":"vanne-a-boisseaux-spherique-a-bride-gaz","status":"publish","type":"product","link":"https:\/\/produitsconforme.com\/en\/product\/vanne-a-boisseaux-spherique-a-bride-gaz\/","title":{"rendered":"VANNE A BOISSEAUX SPHERIQUE A BRIDE GAZ"},"content":{"rendered":"","protected":false},"excerpt":{"rendered":"<p>Une vanne \u00e0 boisseau sph\u00e9rique brid\u00e9e pour gaz est un dispositif de tuyauterie quart de tour utilis\u00e9 pour contr\u00f4ler rapidement le d\u00e9bit de gaz, comme le gaz naturel ou le GPL. Son fonctionnement repose sur une sph\u00e8re creuse (le boisseau) qui, en \u00e9tant tourn\u00e9e de 90\u00b0, aligne son orifice avec la tuyauterie pour ouvrir le passage du gaz, ou le bloque lorsqu&rsquo;elle est perpendiculaire au flux. Les brides permettent une connexion s\u00e9curis\u00e9e et \u00e9tanche \u00e0 d&rsquo;autres composants de la tuyauterie.<\/p>","protected":false},"featured_media":21632,"template":"","meta":[],"product_brand":[],"product_cat":[94],"product_tag":[],"class_list":{"0":"post-21631","1":"product","2":"type-product","3":"status-publish","4":"has-post-thumbnail","6":"product_cat-vanne-et-robinetterie","8":"first","9":"instock","10":"shipping-taxable","11":"product-type-simple"},"_links":{"self":[{"href":"https:\/\/produitsconforme.com\/en\/wp-json\/wp\/v2\/product\/21631","targetHints":{"allow":["GET"]}}],"collection":[{"href":"https:\/\/produitsconforme.com\/en\/wp-json\/wp\/v2\/product"}],"about":[{"href":"https:\/\/produitsconforme.com\/en\/wp-json\/wp\/v2\/types\/product"}],"version-history":[{"count":1,"href":"https:\/\/produitsconforme.com\/en\/wp-json\/wp\/v2\/product\/21631\/revisions"}],"predecessor-version":[{"id":21634,"href":"https:\/\/produitsconforme.com\/en\/wp-json\/wp\/v2\/product\/21631\/revisions\/21634"}],"wp:featuredmedia":[{"embeddable":true,"href":"https:\/\/produitsconforme.com\/en\/wp-json\/wp\/v2\/media\/21632"}],"wp:attachment":[{"href":"https:\/\/produitsconforme.com\/en\/wp-json\/wp\/v2\/media?parent=21631"}],"wp:term":[{"taxonomy":"product_brand","embeddable":true,"href":"https:\/\/produitsconforme.com\/en\/wp-json\/wp\/v2\/product_brand?post=21631"},{"taxonomy":"product_cat","embeddable":true,"href":"https:\/\/produitsconforme.com\/en\/wp-json\/wp\/v2\/product_cat?post=21631"},{"taxonomy":"product_tag","embeddable":true,"href":"https:\/\/produitsconforme.com\/en\/wp-json\/wp\/v2\/product_tag?post=21631"}],"curies":[{"name":"wp","href":"https:\/\/api.w.org\/{rel}","templated":true}]}}