{"id":21709,"date":"2025-11-17T07:36:27","date_gmt":"2025-11-17T07:36:27","guid":{"rendered":"https:\/\/produitsconforme.com\/?post_type=product&#038;p=21709"},"modified":"2025-11-17T07:38:21","modified_gmt":"2025-11-17T07:38:21","slug":"tompon-lourd","status":"publish","type":"product","link":"https:\/\/produitsconforme.com\/en\/product\/tompon-lourd\/","title":{"rendered":"TOMPON LOURD"},"content":{"rendered":"<p>Un \u00ab tampon lourd \u00bb fait g\u00e9n\u00e9ralement r\u00e9f\u00e9rence \u00e0 un tampon de regard en fonte destin\u00e9 aux zones \u00e0 fort trafic, comme les routes et les parkings, con\u00e7u pour supporter des charges importantes. Cela peut aussi d\u00e9signer un ** tampon de fusil plus lourd** qui aide \u00e0 r\u00e9duire le recul en absorbant plus d&rsquo;\u00e9nergie, offrant une sensation de tir plus stable, comme dans le cas d&rsquo;un AR-15.<br \/>\nTampon de regard lourd<br \/>\nD\u00e9finition : Un tampon en fonte (souvent en fonte ductile) con\u00e7u pour r\u00e9sister \u00e0 des charges de trafic lourd, conform\u00e9ment \u00e0 des normes sp\u00e9cifiques comme la norme EN 124.<br \/>\nClasse : La classe de charge est une indication de sa capacit\u00e9 de r\u00e9sistance. Par exemple, un tampon de classe D400 est con\u00e7u pour les routes avec un trafic lourd et peut r\u00e9sister \u00e0 des charges d&rsquo;environ 40 tonnes.<br \/>\nUsage : Il est utilis\u00e9 pour couvrir les regards (bo\u00eetes de visite) sur les routes, les accotements et les parkings.<br \/>\nTampon lourd pour arme \u00e0 feu<br \/>\nD\u00e9finition : Un composant interne d&rsquo;une arme \u00e0 feu qui absorbe une partie de l&rsquo;\u00e9nergie de recul \u00e0 chaque tir, gr\u00e2ce \u00e0 sa masse plus importante et \u00e0 son ressort.<br \/>\nFonctionnement : Sa masse plus \u00e9lev\u00e9e lui permet d&rsquo;absorber plus d&rsquo;\u00e9nergie et de la restituer plus lentement, ce qui ralentit la culasse. Cela procure une sensation de tir plus douce et r\u00e9duit le recul per\u00e7u par le tireur.<br \/>\nExemple : Dans les armes de type AR-15, le tube de tampon et le ressort \u00e0 l&rsquo;int\u00e9rieur cr\u00e9ent une masse suppl\u00e9mentaire pour am\u00e9liorer le contr\u00f4le de l&rsquo;arme.<\/p>","protected":false},"excerpt":{"rendered":"<p>Un \u00ab tampon lourd \u00bb fait g\u00e9n\u00e9ralement r\u00e9f\u00e9rence \u00e0 un tampon de regard en fonte destin\u00e9 aux zones \u00e0 fort<\/p>","protected":false},"featured_media":21710,"template":"","meta":[],"product_brand":[],"product_cat":[73],"product_tag":[],"class_list":{"0":"post-21709","1":"product","2":"type-product","3":"status-publish","4":"has-post-thumbnail","6":"product_cat-assainissement-et-canalisations","8":"first","9":"instock","10":"shipping-taxable","11":"product-type-simple"},"_links":{"self":[{"href":"https:\/\/produitsconforme.com\/en\/wp-json\/wp\/v2\/product\/21709","targetHints":{"allow":["GET"]}}],"collection":[{"href":"https:\/\/produitsconforme.com\/en\/wp-json\/wp\/v2\/product"}],"about":[{"href":"https:\/\/produitsconforme.com\/en\/wp-json\/wp\/v2\/types\/product"}],"version-history":[{"count":1,"href":"https:\/\/produitsconforme.com\/en\/wp-json\/wp\/v2\/product\/21709\/revisions"}],"predecessor-version":[{"id":21712,"href":"https:\/\/produitsconforme.com\/en\/wp-json\/wp\/v2\/product\/21709\/revisions\/21712"}],"wp:featuredmedia":[{"embeddable":true,"href":"https:\/\/produitsconforme.com\/en\/wp-json\/wp\/v2\/media\/21710"}],"wp:attachment":[{"href":"https:\/\/produitsconforme.com\/en\/wp-json\/wp\/v2\/media?parent=21709"}],"wp:term":[{"taxonomy":"product_brand","embeddable":true,"href":"https:\/\/produitsconforme.com\/en\/wp-json\/wp\/v2\/product_brand?post=21709"},{"taxonomy":"product_cat","embeddable":true,"href":"https:\/\/produitsconforme.com\/en\/wp-json\/wp\/v2\/product_cat?post=21709"},{"taxonomy":"product_tag","embeddable":true,"href":"https:\/\/produitsconforme.com\/en\/wp-json\/wp\/v2\/product_tag?post=21709"}],"curies":[{"name":"wp","href":"https:\/\/api.w.org\/{rel}","templated":true}]}}